{"id":207,"date":"2020-08-06T14:54:18","date_gmt":"2020-08-06T14:54:18","guid":{"rendered":"http:\/\/www.arcseniors.org\/?page_id=207"},"modified":"2020-08-26T06:30:18","modified_gmt":"2020-08-26T06:30:18","slug":"research","status":"publish","type":"page","link":"https:\/\/www.arcseniors.org\/es\/about\/research\/","title":{"rendered":"Investigaci\u00f3n"},"content":{"rendered":"<div data-elementor-type=\"wp-page\" data-elementor-id=\"207\" class=\"elementor elementor-207\">\n\t\t\t\t\t\t<section class=\"elementor-section elementor-top-section elementor-element elementor-element-5d8ff986 elementor-section-height-min-height elementor-section-boxed elementor-section-height-default elementor-section-items-middle\" data-id=\"5d8ff986\" data-element_type=\"section\" data-settings=\"{&quot;background_background&quot;:&quot;classic&quot;}\">\n\t\t\t\t\t\t\t<div class=\"elementor-background-overlay\"><\/div>\n\t\t\t\t\t\t\t<div class=\"elementor-container elementor-column-gap-default\">\n\t\t\t\t\t<div class=\"elementor-column elementor-col-100 elementor-top-column elementor-element elementor-element-39ec3e2a\" data-id=\"39ec3e2a\" data-element_type=\"column\">\n\t\t\t<div class=\"elementor-widget-wrap elementor-element-populated\">\n\t\t\t\t\t\t<div class=\"elementor-element elementor-element-1955759d elementor-widget elementor-widget-heading\" data-id=\"1955759d\" data-element_type=\"widget\" data-widget_type=\"heading.default\">\n\t\t\t\t<div class=\"elementor-widget-container\">\n\t\t\t<h2 class=\"elementor-heading-title elementor-size-large\">Investigaci\u00f3n<\/h2>\t\t<\/div>\n\t\t\t\t<\/div>\n\t\t\t\t\t<\/div>\n\t\t<\/div>\n\t\t\t\t\t<\/div>\n\t\t<\/section>\n\t\t\t\t<section class=\"elementor-section elementor-top-section elementor-element elementor-element-c61e597 elementor-section-full_width elementor-section-height-default elementor-section-height-default\" data-id=\"c61e597\" data-element_type=\"section\">\n\t\t\t\t\t\t<div class=\"elementor-container elementor-column-gap-no\">\n\t\t\t\t\t<div class=\"elementor-column elementor-col-100 elementor-top-column elementor-element elementor-element-6a4a04c\" data-id=\"6a4a04c\" data-element_type=\"column\">\n\t\t\t<div class=\"elementor-widget-wrap elementor-element-populated\">\n\t\t\t\t\t\t<div class=\"elementor-element elementor-element-1236958 elementor-widget elementor-widget-text-editor\" data-id=\"1236958\" data-element_type=\"widget\" data-widget_type=\"text-editor.default\">\n\t\t\t\t<div class=\"elementor-widget-container\">\n\t\t\t\t\t\t\t<p>En 2001, ARC XVI Fort Washington comenz\u00f3 a trabajar en el \u00e1rea de investigaci\u00f3n. Comenz\u00f3 con la Directora Ejecutiva de ARC XVI trabajando en como asesora en la investigaci\u00f3n que afecta a las personas mayores de las minor\u00edas a trav\u00e9s de los programas de investigaci\u00f3n financiados por CALME y CHUM de la Universidad de Columbia. En 2006, lanzamos nuestra primera incursi\u00f3n para liderar un proyecto de investigaci\u00f3n, un proyecto nuevo y culturalmente competente, el Northern Manhattan Exercise Project (NorMEP). NorMEP fue financiado por el Centro de la Universidad de Columbia para la Salud de las Minor\u00edas Urbanas (CHUM), el Consejo de Envejecimiento de Washington Heights e Inwood (WHICOA) y la Corporaci\u00f3n de Mejoras del Norte de Manhattan (NMIC). NorMEP fue dise\u00f1ado para crear clubes de caminatas sostenibles aumentando los niveles actuales de actividad f\u00edsica de las personas mayores de nuestra comunidad, en su mayor\u00eda minoritarios. Nuestro siguiente proyecto fue financiado por HUD, donde nuestra investigaci\u00f3n fue \u201cHogares saludables, personas mayores saludables\u201d, un enfoque comunitario de colaboraci\u00f3n para manejar los peligros dom\u00e9sticos en un grupo de personas mayores que viven en un vecindario con desventajas en Nueva York. Tambi\u00e9n hemos realizado investigaciones en asociaci\u00f3n con el Centro M\u00e9dico de la Universidad de Columbia sobre temas relacionados con las personas mayores, como la prevenci\u00f3n de lesiones, la prevenci\u00f3n de ca\u00eddas, los accidentes cerebrovasculares, la diabetes y las asociaciones de investigaci\u00f3n acad\u00e9mica-comunitaria. Tenemos un profundo conocimiento y compromiso con la educaci\u00f3n, la promoci\u00f3n de la salud de las minor\u00edas y la eliminaci\u00f3n de las disparidades de salud a trav\u00e9s de la pr\u00e1ctica y la investigaci\u00f3n.<\/p><p>Actualmente, la Directora Ejecutiva de ARC XVI Fort Washington es la l\u00edder en un proyecto financiado por PCORI llamado \"Fortalecimiento de la capacidad comunitaria para difundir los hallazgos de la investigaci\u00f3n sobre la prevenci\u00f3n de ca\u00eddas\". Este proyecto apoya y mejora la informaci\u00f3n de salud de las personas mayores y aborda su gran variedad de necesidades de salud.<\/p>\t\t\t\t\t\t<\/div>\n\t\t\t\t<\/div>\n\t\t\t\t\t<\/div>\n\t\t<\/div>\n\t\t\t\t\t<\/div>\n\t\t<\/section>\n\t\t\t\t<section class=\"elementor-section elementor-top-section elementor-element elementor-element-71eb75c elementor-section-full_width elementor-section-height-default elementor-section-height-default\" data-id=\"71eb75c\" data-element_type=\"section\">\n\t\t\t\t\t\t<div class=\"elementor-container elementor-column-gap-default\">\n\t\t\t\t\t<div class=\"elementor-column elementor-col-20 elementor-top-column elementor-element elementor-element-2a314b1\" data-id=\"2a314b1\" data-element_type=\"column\">\n\t\t\t<div class=\"elementor-widget-wrap elementor-element-populated\">\n\t\t\t\t\t\t<div class=\"elementor-element elementor-element-3a3cfc8 elementor-widget elementor-widget-heading\" data-id=\"3a3cfc8\" data-element_type=\"widget\" data-widget_type=\"heading.default\">\n\t\t\t\t<div class=\"elementor-widget-container\">\n\t\t\t<h5 class=\"elementor-heading-title elementor-size-default\">APOYE AL<\/h5>\t\t<\/div>\n\t\t\t\t<\/div>\n\t\t\t\t<div class=\"elementor-element elementor-element-000c597 elementor-widget elementor-widget-heading\" data-id=\"000c597\" data-element_type=\"widget\" data-widget_type=\"heading.default\">\n\t\t\t\t<div class=\"elementor-widget-container\">\n\t\t\t<h2 class=\"elementor-heading-title elementor-size-default\">Envejecimiento saludable<\/h2>\t\t<\/div>\n\t\t\t\t<\/div>\n\t\t\t\t<div class=\"elementor-element elementor-element-f754d60 elementor-widget elementor-widget-text-editor\" data-id=\"f754d60\" data-element_type=\"widget\" data-widget_type=\"text-editor.default\">\n\t\t\t\t<div class=\"elementor-widget-container\">\n\t\t\t\t\t\t\t<p>Puede apoyar el envejecimiento saludable en su comunidad donando a nuestras investigaciones.\u00a0<\/p>\t\t\t\t\t\t<\/div>\n\t\t\t\t<\/div>\n\t\t\t\t<div class=\"elementor-element elementor-element-23be35f elementor-tablet-align-center elementor-widget elementor-widget-button\" data-id=\"23be35f\" data-element_type=\"widget\" data-widget_type=\"button.default\">\n\t\t\t\t<div class=\"elementor-widget-container\">\n\t\t\t\t\t<div class=\"elementor-button-wrapper\">\n\t\t\t<a class=\"elementor-button elementor-button-link elementor-size-sm\" href=\"https:\/\/www.paypal.com\/donate\/?token=LEoWmN37s6AINyP_m_qZDaWod1M2Z2JlaUZZ_dWqUstAfiD56ULT4e32XzXUjCsE1T5Gn0&amp;country.x=US&amp;locale.x=es_US\">\n\t\t\t\t\t\t<span class=\"elementor-button-content-wrapper\">\n\t\t\t\t\t\t\t\t\t<span class=\"elementor-button-text\">DONE<\/span>\n\t\t\t\t\t<\/span>\n\t\t\t\t\t<\/a>\n\t\t<\/div>\n\t\t\t\t<\/div>\n\t\t\t\t<\/div>\n\t\t\t\t\t<\/div>\n\t\t<\/div>\n\t\t\t\t<div class=\"elementor-column elementor-col-20 elementor-top-column elementor-element elementor-element-cbf9bc5\" data-id=\"cbf9bc5\" data-element_type=\"column\">\n\t\t\t<div class=\"elementor-widget-wrap elementor-element-populated\">\n\t\t\t\t\t\t<div class=\"elementor-element elementor-element-61376f8 elementor-widget elementor-widget-image\" data-id=\"61376f8\" data-element_type=\"widget\" data-widget_type=\"image.default\">\n\t\t\t\t<div class=\"elementor-widget-container\">\n\t\t\t\t\t\t\t\t\t\t\t\t\t<img fetchpriority=\"high\" decoding=\"async\" width=\"397\" height=\"813\" src=\"https:\/\/www.arcseniors.org\/wp-content\/uploads\/2020\/08\/Research-photo-4.png\" class=\"attachment-large size-large wp-image-453\" alt=\"\" srcset=\"https:\/\/www.arcseniors.org\/wp-content\/uploads\/2020\/08\/Research-photo-4.png 397w, https:\/\/www.arcseniors.org\/wp-content\/uploads\/2020\/08\/Research-photo-4-146x300.png 146w\" sizes=\"(max-width: 397px) 100vw, 397px\" \/>\t\t\t\t\t\t\t\t\t\t\t\t\t<\/div>\n\t\t\t\t<\/div>\n\t\t\t\t\t<\/div>\n\t\t<\/div>\n\t\t\t\t<div class=\"elementor-column elementor-col-20 elementor-top-column elementor-element elementor-element-c95086a\" data-id=\"c95086a\" data-element_type=\"column\">\n\t\t\t<div class=\"elementor-widget-wrap elementor-element-populated\">\n\t\t\t\t\t\t<div class=\"elementor-element elementor-element-5018d5d elementor-widget elementor-widget-image\" data-id=\"5018d5d\" data-element_type=\"widget\" data-widget_type=\"image.default\">\n\t\t\t\t<div class=\"elementor-widget-container\">\n\t\t\t\t\t\t\t\t\t\t\t\t\t<img decoding=\"async\" width=\"397\" height=\"871\" src=\"https:\/\/www.arcseniors.org\/wp-content\/uploads\/2020\/08\/Research-photo.png\" class=\"attachment-large size-large wp-image-449\" alt=\"\" srcset=\"https:\/\/www.arcseniors.org\/wp-content\/uploads\/2020\/08\/Research-photo.png 397w, https:\/\/www.arcseniors.org\/wp-content\/uploads\/2020\/08\/Research-photo-137x300.png 137w\" sizes=\"(max-width: 397px) 100vw, 397px\" \/>\t\t\t\t\t\t\t\t\t\t\t\t\t<\/div>\n\t\t\t\t<\/div>\n\t\t\t\t\t<\/div>\n\t\t<\/div>\n\t\t\t\t<div class=\"elementor-column elementor-col-20 elementor-top-column elementor-element elementor-element-dcb99a9\" data-id=\"dcb99a9\" data-element_type=\"column\">\n\t\t\t<div class=\"elementor-widget-wrap elementor-element-populated\">\n\t\t\t\t\t\t<div class=\"elementor-element elementor-element-8bf6f14 elementor-widget elementor-widget-image\" data-id=\"8bf6f14\" data-element_type=\"widget\" data-widget_type=\"image.default\">\n\t\t\t\t<div class=\"elementor-widget-container\">\n\t\t\t\t\t\t\t\t\t\t\t\t\t<img decoding=\"async\" width=\"397\" height=\"641\" src=\"https:\/\/www.arcseniors.org\/wp-content\/uploads\/2020\/08\/Research-photo-3.jpg\" class=\"attachment-large size-large wp-image-703\" alt=\"\" srcset=\"https:\/\/www.arcseniors.org\/wp-content\/uploads\/2020\/08\/Research-photo-3.jpg 397w, https:\/\/www.arcseniors.org\/wp-content\/uploads\/2020\/08\/Research-photo-3-186x300.jpg 186w\" sizes=\"(max-width: 397px) 100vw, 397px\" \/>\t\t\t\t\t\t\t\t\t\t\t\t\t<\/div>\n\t\t\t\t<\/div>\n\t\t\t\t\t<\/div>\n\t\t<\/div>\n\t\t\t\t<div class=\"elementor-column elementor-col-20 elementor-top-column elementor-element elementor-element-73a4150\" data-id=\"73a4150\" data-element_type=\"column\">\n\t\t\t<div class=\"elementor-widget-wrap elementor-element-populated\">\n\t\t\t\t\t\t<div class=\"elementor-element elementor-element-39a7954 elementor-widget elementor-widget-image\" data-id=\"39a7954\" data-element_type=\"widget\" data-widget_type=\"image.default\">\n\t\t\t\t<div class=\"elementor-widget-container\">\n\t\t\t\t\t\t\t\t\t\t\t\t\t<img loading=\"lazy\" decoding=\"async\" width=\"397\" height=\"793\" src=\"https:\/\/www.arcseniors.org\/wp-content\/uploads\/2020\/08\/Research-photo-2.jpg\" class=\"attachment-large size-large wp-image-705\" alt=\"\" srcset=\"https:\/\/www.arcseniors.org\/wp-content\/uploads\/2020\/08\/Research-photo-2.jpg 397w, https:\/\/www.arcseniors.org\/wp-content\/uploads\/2020\/08\/Research-photo-2-150x300.jpg 150w\" sizes=\"(max-width: 397px) 100vw, 397px\" \/>\t\t\t\t\t\t\t\t\t\t\t\t\t<\/div>\n\t\t\t\t<\/div>\n\t\t\t\t\t<\/div>\n\t\t<\/div>\n\t\t\t\t\t<\/div>\n\t\t<\/section>\n\t\t\t\t<\/div>","protected":false},"excerpt":{"rendered":"<p>Research In 2001, ARC XVI Fort Washington began work in the research area. It started with the Executive Director of ARC XVI working in an advisory capacity on research impacting minority elders through CALME and CHUM funded research programs of Columbia University. In 2006, we launched our first foray into leading a research project, a &hellip;<\/p>\n<p class=\"read-more\"> <a class=\"\" href=\"https:\/\/www.arcseniors.org\/es\/about\/research\/\"> <span class=\"screen-reader-text\">Investigaci\u00f3n<\/span> Leer m\u00e1s &raquo;<\/a><\/p>","protected":false},"author":1,"featured_media":0,"parent":120,"menu_order":3,"comment_status":"closed","ping_status":"closed","template":"","meta":{"site-sidebar-layout":"no-sidebar","site-content-layout":"page-builder","ast-site-content-layout":"","site-content-style":"default","site-sidebar-style":"default","ast-global-header-display":"","ast-banner-title-visibility":"","ast-main-header-display":"","ast-hfb-above-header-display":"","ast-hfb-below-header-display":"","ast-hfb-mobile-header-display":"","site-post-title":"disabled","ast-breadcrumbs-content":"","ast-featured-img":"disabled","footer-sml-layout":"","theme-transparent-header-meta":"default","adv-header-id-meta":"","stick-header-meta":"","header-above-stick-meta":"","header-main-stick-meta":"","header-below-stick-meta":"","astra-migrate-meta-layouts":"","ast-page-background-enabled":"default","ast-page-background-meta":{"desktop":{"background-color":"","background-image":"","background-repeat":"repeat","background-position":"center center","background-size":"auto","background-attachment":"scroll","background-type":"","background-media":"","overlay-type":"","overlay-color":"","overlay-gradient":""},"tablet":{"background-color":"","background-image":"","background-repeat":"repeat","background-position":"center center","background-size":"auto","background-attachment":"scroll","background-type":"","background-media":"","overlay-type":"","overlay-color":"","overlay-gradient":""},"mobile":{"background-color":"","background-image":"","background-repeat":"repeat","background-position":"center center","background-size":"auto","background-attachment":"scroll","background-type":"","background-media":"","overlay-type":"","overlay-color":"","overlay-gradient":""}},"ast-content-background-meta":{"desktop":{"background-color":"var(--ast-global-color-5)","background-image":"","background-repeat":"repeat","background-position":"center center","background-size":"auto","background-attachment":"scroll","background-type":"","background-media":"","overlay-type":"","overlay-color":"","overlay-gradient":""},"tablet":{"background-color":"var(--ast-global-color-5)","background-image":"","background-repeat":"repeat","background-position":"center center","background-size":"auto","background-attachment":"scroll","background-type":"","background-media":"","overlay-type":"","overlay-color":"","overlay-gradient":""},"mobile":{"background-color":"var(--ast-global-color-5)","background-image":"","background-repeat":"repeat","background-position":"center center","background-size":"auto","background-attachment":"scroll","background-type":"","background-media":"","overlay-type":"","overlay-color":"","overlay-gradient":""}},"footnotes":""},"yoast_head":"<!-- This site is optimized with the Yoast SEO plugin v22.8 - https:\/\/yoast.com\/wordpress\/plugins\/seo\/ -->\n<title>Research - ARC Older Adult Center<\/title>\n<meta name=\"robots\" content=\"index, follow, max-snippet:-1, max-image-preview:large, max-video-preview:-1\" \/>\n<link rel=\"canonical\" href=\"https:\/\/www.arcseniors.org\/es\/about\/research\/\" \/>\n<meta property=\"og:locale\" content=\"es_MX\" \/>\n<meta property=\"og:type\" content=\"article\" \/>\n<meta property=\"og:title\" content=\"Research - ARC Older Adult Center\" \/>\n<meta property=\"og:description\" content=\"Research In 2001, ARC XVI Fort Washington began work in the research area. It started with the Executive Director of ARC XVI working in an advisory capacity on research impacting minority elders through CALME and CHUM funded research programs of Columbia University. In 2006, we launched our first foray into leading a research project, a &hellip; Research Leer m\u00e1s &raquo;\" \/>\n<meta property=\"og:url\" content=\"https:\/\/www.arcseniors.org\/es\/about\/research\/\" \/>\n<meta property=\"og:site_name\" content=\"ARC Older Adult Center\" \/>\n<meta property=\"article:modified_time\" content=\"2020-08-26T06:30:18+00:00\" \/>\n<meta property=\"og:image\" content=\"http:\/\/www.arcseniors.org\/wp-content\/uploads\/2020\/08\/Research-photo-4.png\" \/>\n<meta name=\"twitter:card\" content=\"summary_large_image\" \/>\n<meta name=\"twitter:label1\" content=\"Tiempo de lectura\" \/>\n\t<meta name=\"twitter:data1\" content=\"1 minuto\" \/>\n<script type=\"application\/ld+json\" class=\"yoast-schema-graph\">{\"@context\":\"https:\/\/schema.org\",\"@graph\":[{\"@type\":\"WebPage\",\"@id\":\"https:\/\/www.arcseniors.org\/about\/research\/\",\"url\":\"https:\/\/www.arcseniors.org\/about\/research\/\",\"name\":\"Research - ARC Older Adult Center\",\"isPartOf\":{\"@id\":\"http:\/\/www.arcseniors.org\/es\/#website\"},\"primaryImageOfPage\":{\"@id\":\"https:\/\/www.arcseniors.org\/about\/research\/#primaryimage\"},\"image\":{\"@id\":\"https:\/\/www.arcseniors.org\/about\/research\/#primaryimage\"},\"thumbnailUrl\":\"http:\/\/www.arcseniors.org\/wp-content\/uploads\/2020\/08\/Research-photo-4.png\",\"datePublished\":\"2020-08-06T14:54:18+00:00\",\"dateModified\":\"2020-08-26T06:30:18+00:00\",\"breadcrumb\":{\"@id\":\"https:\/\/www.arcseniors.org\/about\/research\/#breadcrumb\"},\"inLanguage\":\"es-MX\",\"potentialAction\":[{\"@type\":\"ReadAction\",\"target\":[\"https:\/\/www.arcseniors.org\/about\/research\/\"]}]},{\"@type\":\"ImageObject\",\"inLanguage\":\"es-MX\",\"@id\":\"https:\/\/www.arcseniors.org\/about\/research\/#primaryimage\",\"url\":\"http:\/\/www.arcseniors.org\/wp-content\/uploads\/2020\/08\/Research-photo-4.png\",\"contentUrl\":\"http:\/\/www.arcseniors.org\/wp-content\/uploads\/2020\/08\/Research-photo-4.png\"},{\"@type\":\"BreadcrumbList\",\"@id\":\"https:\/\/www.arcseniors.org\/about\/research\/#breadcrumb\",\"itemListElement\":[{\"@type\":\"ListItem\",\"position\":1,\"name\":\"Home\",\"item\":\"http:\/\/www.arcseniors.org\/es\/\"},{\"@type\":\"ListItem\",\"position\":2,\"name\":\"About\",\"item\":\"https:\/\/www.arcseniors.org\/about\/\"},{\"@type\":\"ListItem\",\"position\":3,\"name\":\"Research\"}]},{\"@type\":\"WebSite\",\"@id\":\"http:\/\/www.arcseniors.org\/es\/#website\",\"url\":\"http:\/\/www.arcseniors.org\/es\/\",\"name\":\"ARC Older Adult Center\",\"description\":\"ARC XVI Fort Washington, Inc.\",\"potentialAction\":[{\"@type\":\"SearchAction\",\"target\":{\"@type\":\"EntryPoint\",\"urlTemplate\":\"http:\/\/www.arcseniors.org\/es\/?s={search_term_string}\"},\"query-input\":\"required name=search_term_string\"}],\"inLanguage\":\"es-MX\"}]}<\/script>\n<!-- \/ Yoast SEO plugin. -->","yoast_head_json":{"title":"Research - ARC Older Adult Center","robots":{"index":"index","follow":"follow","max-snippet":"max-snippet:-1","max-image-preview":"max-image-preview:large","max-video-preview":"max-video-preview:-1"},"canonical":"https:\/\/www.arcseniors.org\/es\/about\/research\/","og_locale":"es_MX","og_type":"article","og_title":"Research - ARC Older Adult Center","og_description":"Research In 2001, ARC XVI Fort Washington began work in the research area. It started with the Executive Director of ARC XVI working in an advisory capacity on research impacting minority elders through CALME and CHUM funded research programs of Columbia University. In 2006, we launched our first foray into leading a research project, a &hellip; Research Leer m\u00e1s &raquo;","og_url":"https:\/\/www.arcseniors.org\/es\/about\/research\/","og_site_name":"ARC Older Adult Center","article_modified_time":"2020-08-26T06:30:18+00:00","og_image":[{"url":"http:\/\/www.arcseniors.org\/wp-content\/uploads\/2020\/08\/Research-photo-4.png"}],"twitter_card":"summary_large_image","twitter_misc":{"Tiempo de lectura":"1 minuto"},"schema":{"@context":"https:\/\/schema.org","@graph":[{"@type":"WebPage","@id":"https:\/\/www.arcseniors.org\/about\/research\/","url":"https:\/\/www.arcseniors.org\/about\/research\/","name":"Research - ARC Older Adult Center","isPartOf":{"@id":"http:\/\/www.arcseniors.org\/es\/#website"},"primaryImageOfPage":{"@id":"https:\/\/www.arcseniors.org\/about\/research\/#primaryimage"},"image":{"@id":"https:\/\/www.arcseniors.org\/about\/research\/#primaryimage"},"thumbnailUrl":"http:\/\/www.arcseniors.org\/wp-content\/uploads\/2020\/08\/Research-photo-4.png","datePublished":"2020-08-06T14:54:18+00:00","dateModified":"2020-08-26T06:30:18+00:00","breadcrumb":{"@id":"https:\/\/www.arcseniors.org\/about\/research\/#breadcrumb"},"inLanguage":"es-MX","potentialAction":[{"@type":"ReadAction","target":["https:\/\/www.arcseniors.org\/about\/research\/"]}]},{"@type":"ImageObject","inLanguage":"es-MX","@id":"https:\/\/www.arcseniors.org\/about\/research\/#primaryimage","url":"http:\/\/www.arcseniors.org\/wp-content\/uploads\/2020\/08\/Research-photo-4.png","contentUrl":"http:\/\/www.arcseniors.org\/wp-content\/uploads\/2020\/08\/Research-photo-4.png"},{"@type":"BreadcrumbList","@id":"https:\/\/www.arcseniors.org\/about\/research\/#breadcrumb","itemListElement":[{"@type":"ListItem","position":1,"name":"Home","item":"http:\/\/www.arcseniors.org\/es\/"},{"@type":"ListItem","position":2,"name":"About","item":"https:\/\/www.arcseniors.org\/about\/"},{"@type":"ListItem","position":3,"name":"Research"}]},{"@type":"WebSite","@id":"http:\/\/www.arcseniors.org\/es\/#website","url":"http:\/\/www.arcseniors.org\/es\/","name":"ARC Older Adult Center","description":"ARC XVI Fort Washington, Inc.","potentialAction":[{"@type":"SearchAction","target":{"@type":"EntryPoint","urlTemplate":"http:\/\/www.arcseniors.org\/es\/?s={search_term_string}"},"query-input":"required name=search_term_string"}],"inLanguage":"es-MX"}]}},"_links":{"self":[{"href":"https:\/\/www.arcseniors.org\/es\/wp-json\/wp\/v2\/pages\/207"}],"collection":[{"href":"https:\/\/www.arcseniors.org\/es\/wp-json\/wp\/v2\/pages"}],"about":[{"href":"https:\/\/www.arcseniors.org\/es\/wp-json\/wp\/v2\/types\/page"}],"author":[{"embeddable":true,"href":"https:\/\/www.arcseniors.org\/es\/wp-json\/wp\/v2\/users\/1"}],"replies":[{"embeddable":true,"href":"https:\/\/www.arcseniors.org\/es\/wp-json\/wp\/v2\/comments?post=207"}],"version-history":[{"count":15,"href":"https:\/\/www.arcseniors.org\/es\/wp-json\/wp\/v2\/pages\/207\/revisions"}],"predecessor-version":[{"id":709,"href":"https:\/\/www.arcseniors.org\/es\/wp-json\/wp\/v2\/pages\/207\/revisions\/709"}],"up":[{"embeddable":true,"href":"https:\/\/www.arcseniors.org\/es\/wp-json\/wp\/v2\/pages\/120"}],"wp:attachment":[{"href":"https:\/\/www.arcseniors.org\/es\/wp-json\/wp\/v2\/media?parent=207"}],"curies":[{"name":"wp","href":"https:\/\/api.w.org\/{rel}","templated":true}]}}