{"id":120,"date":"2020-07-21T19:27:30","date_gmt":"2020-07-21T19:27:30","guid":{"rendered":"http:\/\/www.arcseniors.org\/?page_id=120"},"modified":"2020-10-28T18:52:11","modified_gmt":"2020-10-28T18:52:11","slug":"about","status":"publish","type":"page","link":"https:\/\/www.arcseniors.org\/es\/about\/","title":{"rendered":"Sobre nosotros"},"content":{"rendered":"<div data-elementor-type=\"wp-page\" data-elementor-id=\"120\" class=\"elementor elementor-120\">\n\t\t\t\t\t\t<section class=\"elementor-section elementor-top-section elementor-element elementor-element-ac3bf0c elementor-section-height-min-height elementor-section-boxed elementor-section-height-default elementor-section-items-middle\" data-id=\"ac3bf0c\" data-element_type=\"section\" data-settings=\"{&quot;background_background&quot;:&quot;classic&quot;}\">\n\t\t\t\t\t\t\t<div class=\"elementor-background-overlay\"><\/div>\n\t\t\t\t\t\t\t<div class=\"elementor-container elementor-column-gap-default\">\n\t\t\t\t\t<div class=\"elementor-column elementor-col-100 elementor-top-column elementor-element elementor-element-3baf0244\" data-id=\"3baf0244\" data-element_type=\"column\">\n\t\t\t<div class=\"elementor-widget-wrap elementor-element-populated\">\n\t\t\t\t\t\t<div class=\"elementor-element elementor-element-642af864 elementor-widget elementor-widget-heading\" data-id=\"642af864\" data-element_type=\"widget\" data-widget_type=\"heading.default\">\n\t\t\t\t<div class=\"elementor-widget-container\">\n\t\t\t<h2 class=\"elementor-heading-title elementor-size-large\">Sobre nosotros<\/h2>\t\t<\/div>\n\t\t\t\t<\/div>\n\t\t\t\t\t<\/div>\n\t\t<\/div>\n\t\t\t\t\t<\/div>\n\t\t<\/section>\n\t\t\t\t<section class=\"elementor-section elementor-top-section elementor-element elementor-element-40177ae0 elementor-section-full_width elementor-section-height-default elementor-section-height-default\" data-id=\"40177ae0\" data-element_type=\"section\">\n\t\t\t\t\t\t<div class=\"elementor-container elementor-column-gap-no\">\n\t\t\t\t\t<div class=\"elementor-column elementor-col-50 elementor-top-column elementor-element elementor-element-48096891\" data-id=\"48096891\" data-element_type=\"column\">\n\t\t\t<div class=\"elementor-widget-wrap elementor-element-populated\">\n\t\t\t\t\t\t<div class=\"elementor-element elementor-element-68afc23b elementor-widget elementor-widget-heading\" data-id=\"68afc23b\" data-element_type=\"widget\" data-widget_type=\"heading.default\">\n\t\t\t\t<div class=\"elementor-widget-container\">\n\t\t\t<h6 class=\"elementor-heading-title elementor-size-default\">ESTABLECIDO EN 1973<\/h6>\t\t<\/div>\n\t\t\t\t<\/div>\n\t\t\t\t<div class=\"elementor-element elementor-element-cdee45d elementor-widget-divider--view-line elementor-widget elementor-widget-divider\" data-id=\"cdee45d\" data-element_type=\"widget\" data-widget_type=\"divider.default\">\n\t\t\t\t<div class=\"elementor-widget-container\">\n\t\t\t\t\t<div class=\"elementor-divider\">\n\t\t\t<span class=\"elementor-divider-separator\">\n\t\t\t\t\t\t<\/span>\n\t\t<\/div>\n\t\t\t\t<\/div>\n\t\t\t\t<\/div>\n\t\t\t\t<div class=\"elementor-element elementor-element-44ce5982 elementor-widget elementor-widget-text-editor\" data-id=\"44ce5982\" data-element_type=\"widget\" data-widget_type=\"text-editor.default\">\n\t\t\t\t<div class=\"elementor-widget-container\">\n\t\t\t\t\t\t\t<p><strong>La diversidad de servicios que ofrece ARC para la comunidad hace que ARC sea considerado constantemente como un centro de los m\u00e1s innovadores y de alta calidad de la ciudad. ARC es un tesoro de informaci\u00f3n activo para el norte de Manhattan y un modelo para otros programas para mayores en toda la ciudad y los Estados Unidos.<\/strong><\/p>\t\t\t\t\t\t<\/div>\n\t\t\t\t<\/div>\n\t\t\t\t\t<\/div>\n\t\t<\/div>\n\t\t\t\t<div class=\"elementor-column elementor-col-50 elementor-top-column elementor-element elementor-element-bc790d5\" data-id=\"bc790d5\" data-element_type=\"column\">\n\t\t\t<div class=\"elementor-widget-wrap elementor-element-populated\">\n\t\t\t\t\t\t<div class=\"elementor-element elementor-element-d9f36c4 elementor-widget elementor-widget-text-editor\" data-id=\"d9f36c4\" data-element_type=\"widget\" data-widget_type=\"text-editor.default\">\n\t\t\t\t<div class=\"elementor-widget-container\">\n\t\t\t\t\t\t\t<p><span data-preserver-spaces=\"true\">ARC (Acci\u00f3n para la comunidad de jubilados) comenz\u00f3 como uno de los tres sitios para un programa m\u00e1s amplio de informaci\u00f3n y referencias.\u00a0<\/span><em><span data-preserver-spaces=\"true\">ARC XVI Fort Washington, Inc.<\/span><\/em><strong><span data-preserver-spaces=\"true\">\u00a0<\/span><\/strong><span data-preserver-spaces=\"true\">fue uno de los dos<\/span><strong><span data-preserver-spaces=\"true\">\u00a0<\/span><\/strong><span data-preserver-spaces=\"true\">nuevos patrocinadores de servicios para personas mayores desarrollados por miembros de la comunidad, organizadores de la comunidad y voluntarios del programa de informaci\u00f3n y referencias.\u00a0<\/span><\/p><p><span style=\"font-size: 18px;\" data-preserver-spaces=\"true\">Nuestros primeros programas comenzaron en 1973. Inicialmente financiados por la Administraci\u00f3n de Recursos Humanos de la Ciudad de Nueva York, estos programas actualmente se financian a trav\u00e9s del Departamento para Personas Mayores de la Ciudad de Nueva York.\u00a0<\/span><span style=\"font-size: 18px;\">En 1980, agregamos servicios sociales y en 1988 expandimos los servicios diurnos para adultos y los servicios de transporte en toda la comunidad, con fondos proporcionados por los Servicios Comunitarios del Estado de Nueva York para Ancianos y la Agencia de Desarrollo Comunitario.\u00a0<\/span><\/p><p><span data-preserver-spaces=\"true\">Since our founding, we have expanded to add services throughout Harlem. In 2013, ARC began sponsoring the ARC XVI Central Harlem Senior Center. We further expanded in 2016 and began sponsoring the ARC XVI. A Philip Randolph Senior Center. <\/span><\/p><p><span data-preserver-spaces=\"true\">Ahora tenemos tres centros para personas mayores en el Alto Manhattan. ARC se compromete a garantizar que estos centros y servicios sean seguros e inclusivos. Esto significa que no excluimos la participaci\u00f3n ni denegamos servicios por motivos de raza, color, discapacidad u origen nacional, tal como lo protegen el T\u00edtulo VI y la ADA. Puede leer m\u00e1s sobre nuestro plan <a href=\"http:\/\/www.arcseniors.org\/wp-content\/uploads\/2020\/10\/Title-VI-Plan.pdf\" target=\"_blank\" rel=\"noopener\"><strong>aqu\u00ed<\/strong><\/a>.\u00a0<\/span><\/p>\t\t\t\t\t\t<\/div>\n\t\t\t\t<\/div>\n\t\t\t\t\t<\/div>\n\t\t<\/div>\n\t\t\t\t\t<\/div>\n\t\t<\/section>\n\t\t\t\t<section class=\"elementor-section elementor-top-section elementor-element elementor-element-88095be elementor-section-full_width elementor-section-height-default elementor-section-height-default\" data-id=\"88095be\" data-element_type=\"section\" data-settings=\"{&quot;background_background&quot;:&quot;classic&quot;}\">\n\t\t\t\t\t\t<div class=\"elementor-container elementor-column-gap-no\">\n\t\t\t\t\t<div class=\"elementor-column elementor-col-33 elementor-top-column elementor-element elementor-element-b59566c\" data-id=\"b59566c\" data-element_type=\"column\">\n\t\t\t<div class=\"elementor-widget-wrap elementor-element-populated\">\n\t\t\t\t\t\t<div class=\"elementor-element elementor-element-08f8146 elementor-widget elementor-widget-heading\" data-id=\"08f8146\" data-element_type=\"widget\" data-widget_type=\"heading.default\">\n\t\t\t\t<div class=\"elementor-widget-container\">\n\t\t\t<h2 class=\"elementor-heading-title elementor-size-default\">Misi\u00f3n<\/h2>\t\t<\/div>\n\t\t\t\t<\/div>\n\t\t\t\t<div class=\"elementor-element elementor-element-22d806f elementor-widget elementor-widget-text-editor\" data-id=\"22d806f\" data-element_type=\"widget\" data-widget_type=\"text-editor.default\">\n\t\t\t\t<div class=\"elementor-widget-container\">\n\t\t\t\t\t\t\t<p>Apoyar a las personas mayores para que permanezcan en la comunidad y vivan con dignidad, autosuficiencia y bienestar.<\/p>\t\t\t\t\t\t<\/div>\n\t\t\t\t<\/div>\n\t\t\t\t<div class=\"elementor-element elementor-element-01e5aa2 elementor-widget elementor-widget-button\" data-id=\"01e5aa2\" data-element_type=\"widget\" data-widget_type=\"button.default\">\n\t\t\t\t<div class=\"elementor-widget-container\">\n\t\t\t\t\t<div class=\"elementor-button-wrapper\">\n\t\t\t<a class=\"elementor-button elementor-button-link elementor-size-sm\" href=\"https:\/\/www.arcseniors.org\/es\/services\/\">\n\t\t\t\t\t\t<span class=\"elementor-button-content-wrapper\">\n\t\t\t\t\t\t\t\t\t<span class=\"elementor-button-text\">NUESTROS SERVICIOS<\/span>\n\t\t\t\t\t<\/span>\n\t\t\t\t\t<\/a>\n\t\t<\/div>\n\t\t\t\t<\/div>\n\t\t\t\t<\/div>\n\t\t\t\t\t<\/div>\n\t\t<\/div>\n\t\t\t\t<div class=\"elementor-column elementor-col-33 elementor-top-column elementor-element elementor-element-bca9a20\" data-id=\"bca9a20\" data-element_type=\"column\">\n\t\t\t<div class=\"elementor-widget-wrap elementor-element-populated\">\n\t\t\t\t\t\t<div class=\"elementor-element elementor-element-aa773a3 elementor-widget elementor-widget-heading\" data-id=\"aa773a3\" data-element_type=\"widget\" data-widget_type=\"heading.default\">\n\t\t\t\t<div class=\"elementor-widget-container\">\n\t\t\t<h2 class=\"elementor-heading-title elementor-size-default\">Nuestro nombre<\/h2>\t\t<\/div>\n\t\t\t\t<\/div>\n\t\t\t\t<div class=\"elementor-element elementor-element-ccbd346 elementor-widget elementor-widget-text-editor\" data-id=\"ccbd346\" data-element_type=\"widget\" data-widget_type=\"text-editor.default\">\n\t\t\t\t<div class=\"elementor-widget-container\">\n\t\t\t\t\t\t\t<p>Nuestro nombre proviene del lema, Acci\u00f3n para la comunidad de jubilados; el t\u00edtulo de la Ley de Seguridad Social, que aprob\u00f3 el desarrollo de centros para personas mayores; y la Iglesia Presbiteriana de Fort Washington, que se convirti\u00f3 en nuestro primer hogar durante 29 a\u00f1os.<\/p>\t\t\t\t\t\t<\/div>\n\t\t\t\t<\/div>\n\t\t\t\t\t<\/div>\n\t\t<\/div>\n\t\t\t\t<div class=\"elementor-column elementor-col-33 elementor-top-column elementor-element elementor-element-6b0d72f\" data-id=\"6b0d72f\" data-element_type=\"column\">\n\t\t\t<div class=\"elementor-widget-wrap elementor-element-populated\">\n\t\t\t\t\t\t<div class=\"elementor-element elementor-element-30cd69e elementor-widget elementor-widget-heading\" data-id=\"30cd69e\" data-element_type=\"widget\" data-widget_type=\"heading.default\">\n\t\t\t\t<div class=\"elementor-widget-container\">\n\t\t\t<h2 class=\"elementor-heading-title elementor-size-default\">Metas<\/h2>\t\t<\/div>\n\t\t\t\t<\/div>\n\t\t\t\t<div class=\"elementor-element elementor-element-d308a17 elementor-icon-list--layout-traditional elementor-list-item-link-full_width elementor-widget elementor-widget-icon-list\" data-id=\"d308a17\" data-element_type=\"widget\" data-widget_type=\"icon-list.default\">\n\t\t\t\t<div class=\"elementor-widget-container\">\n\t\t\t\t\t<ul class=\"elementor-icon-list-items\">\n\t\t\t\t\t\t\t<li class=\"elementor-icon-list-item\">\n\t\t\t\t\t\t\t\t\t\t\t<span class=\"elementor-icon-list-icon\">\n\t\t\t\t\t\t\t<i aria-hidden=\"true\" class=\"fas fa-chevron-right\"><\/i>\t\t\t\t\t\t<\/span>\n\t\t\t\t\t\t\t\t\t\t<span class=\"elementor-icon-list-text\">Permitir que las personas mayores permanezcan en la comunidad y vivan con dignidad, autosuficiencia y bienestar.<\/span>\n\t\t\t\t\t\t\t\t\t<\/li>\n\t\t\t\t\t\t\t\t<li class=\"elementor-icon-list-item\">\n\t\t\t\t\t\t\t\t\t\t\t<span class=\"elementor-icon-list-icon\">\n\t\t\t\t\t\t\t<i aria-hidden=\"true\" class=\"fas fa-chevron-right\"><\/i>\t\t\t\t\t\t<\/span>\n\t\t\t\t\t\t\t\t\t\t<span class=\"elementor-icon-list-text\">Prevenir el deterioro f\u00edsico y mental mediante la prestaci\u00f3n de los servicios necesarios.<\/span>\n\t\t\t\t\t\t\t\t\t<\/li>\n\t\t\t\t\t\t\t\t<li class=\"elementor-icon-list-item\">\n\t\t\t\t\t\t\t\t\t\t\t<span class=\"elementor-icon-list-icon\">\n\t\t\t\t\t\t\t<i aria-hidden=\"true\" class=\"fas fa-chevron-right\"><\/i>\t\t\t\t\t\t<\/span>\n\t\t\t\t\t\t\t\t\t\t<span class=\"elementor-icon-list-text\">Promover la integraci\u00f3n de los mayores sanos y discapacitados y compensar la limitaci\u00f3n f\u00edsica de los discapacitados y fr\u00e1giles con los servicios preventivos y restaurativos necesarios.<\/span>\n\t\t\t\t\t\t\t\t\t<\/li>\n\t\t\t\t\t\t<\/ul>\n\t\t\t\t<\/div>\n\t\t\t\t<\/div>\n\t\t\t\t\t<\/div>\n\t\t<\/div>\n\t\t\t\t\t<\/div>\n\t\t<\/section>\n\t\t\t\t<\/div>","protected":false},"excerpt":{"rendered":"<p>About Us Established in 1973 ARC\u2019s diverse range of services for the community, consistently considered the most innovative and high quality in the City, make ARC an asset to Northern Manhattan, and a model for other programs throughout the City and the United States. ARC (Action for the Retired Community) began as one of three &hellip;<\/p>\n<p class=\"read-more\"> <a class=\"\" href=\"https:\/\/www.arcseniors.org\/es\/about\/\"> <span class=\"screen-reader-text\">Sobre nosotros<\/span> Leer m\u00e1s &raquo;<\/a><\/p>","protected":false},"author":1,"featured_media":0,"parent":0,"menu_order":0,"comment_status":"closed","ping_status":"closed","template":"","meta":{"site-sidebar-layout":"no-sidebar","site-content-layout":"page-builder","ast-site-content-layout":"","site-content-style":"default","site-sidebar-style":"default","ast-global-header-display":"","ast-banner-title-visibility":"","ast-main-header-display":"","ast-hfb-above-header-display":"","ast-hfb-below-header-display":"","ast-hfb-mobile-header-display":"","site-post-title":"disabled","ast-breadcrumbs-content":"","ast-featured-img":"disabled","footer-sml-layout":"","theme-transparent-header-meta":"default","adv-header-id-meta":"","stick-header-meta":"","header-above-stick-meta":"","header-main-stick-meta":"","header-below-stick-meta":"","astra-migrate-meta-layouts":"","ast-page-background-enabled":"default","ast-page-background-meta":{"desktop":{"background-color":"","background-image":"","background-repeat":"repeat","background-position":"center center","background-size":"auto","background-attachment":"scroll","background-type":"","background-media":"","overlay-type":"","overlay-color":"","overlay-gradient":""},"tablet":{"background-color":"","background-image":"","background-repeat":"repeat","background-position":"center center","background-size":"auto","background-attachment":"scroll","background-type":"","background-media":"","overlay-type":"","overlay-color":"","overlay-gradient":""},"mobile":{"background-color":"","background-image":"","background-repeat":"repeat","background-position":"center center","background-size":"auto","background-attachment":"scroll","background-type":"","background-media":"","overlay-type":"","overlay-color":"","overlay-gradient":""}},"ast-content-background-meta":{"desktop":{"background-color":"var(--ast-global-color-5)","background-image":"","background-repeat":"repeat","background-position":"center center","background-size":"auto","background-attachment":"scroll","background-type":"","background-media":"","overlay-type":"","overlay-color":"","overlay-gradient":""},"tablet":{"background-color":"var(--ast-global-color-5)","background-image":"","background-repeat":"repeat","background-position":"center center","background-size":"auto","background-attachment":"scroll","background-type":"","background-media":"","overlay-type":"","overlay-color":"","overlay-gradient":""},"mobile":{"background-color":"var(--ast-global-color-5)","background-image":"","background-repeat":"repeat","background-position":"center center","background-size":"auto","background-attachment":"scroll","background-type":"","background-media":"","overlay-type":"","overlay-color":"","overlay-gradient":""}},"footnotes":""},"yoast_head":"<!-- This site is optimized with the Yoast SEO plugin v22.8 - https:\/\/yoast.com\/wordpress\/plugins\/seo\/ -->\n<title>About ARC XVI Fort Washington, Inc.<\/title>\n<meta name=\"description\" content=\"ARC XVI Fort Washington, Inc. has been providing activities and services for Upper Manhattan&#039;s seniors for decades. Join us!\" \/>\n<meta name=\"robots\" content=\"index, follow, max-snippet:-1, max-image-preview:large, max-video-preview:-1\" \/>\n<link rel=\"canonical\" href=\"https:\/\/www.arcseniors.org\/es\/about\/\" \/>\n<meta property=\"og:locale\" content=\"es_MX\" \/>\n<meta property=\"og:type\" content=\"article\" \/>\n<meta property=\"og:title\" content=\"About ARC XVI Fort Washington, Inc.\" \/>\n<meta property=\"og:description\" content=\"ARC XVI Fort Washington, Inc. has been providing activities and services for Upper Manhattan&#039;s seniors for decades. Join us!\" \/>\n<meta property=\"og:url\" content=\"https:\/\/www.arcseniors.org\/es\/about\/\" \/>\n<meta property=\"og:site_name\" content=\"ARC Older Adult Center\" \/>\n<meta property=\"article:modified_time\" content=\"2020-10-28T18:52:11+00:00\" \/>\n<meta name=\"twitter:card\" content=\"summary_large_image\" \/>\n<meta name=\"twitter:label1\" content=\"Tiempo de lectura\" \/>\n\t<meta name=\"twitter:data1\" content=\"2 minutos\" \/>\n<script type=\"application\/ld+json\" class=\"yoast-schema-graph\">{\"@context\":\"https:\/\/schema.org\",\"@graph\":[{\"@type\":\"WebPage\",\"@id\":\"https:\/\/www.arcseniors.org\/about\/\",\"url\":\"https:\/\/www.arcseniors.org\/about\/\",\"name\":\"About ARC XVI Fort Washington, Inc.\",\"isPartOf\":{\"@id\":\"http:\/\/www.arcseniors.org\/es\/#website\"},\"datePublished\":\"2020-07-21T19:27:30+00:00\",\"dateModified\":\"2020-10-28T18:52:11+00:00\",\"description\":\"ARC XVI Fort Washington, Inc. has been providing activities and services for Upper Manhattan's seniors for decades. Join us!\",\"breadcrumb\":{\"@id\":\"https:\/\/www.arcseniors.org\/about\/#breadcrumb\"},\"inLanguage\":\"es-MX\",\"potentialAction\":[{\"@type\":\"ReadAction\",\"target\":[\"https:\/\/www.arcseniors.org\/about\/\"]}]},{\"@type\":\"BreadcrumbList\",\"@id\":\"https:\/\/www.arcseniors.org\/about\/#breadcrumb\",\"itemListElement\":[{\"@type\":\"ListItem\",\"position\":1,\"name\":\"Home\",\"item\":\"http:\/\/www.arcseniors.org\/es\/\"},{\"@type\":\"ListItem\",\"position\":2,\"name\":\"About\"}]},{\"@type\":\"WebSite\",\"@id\":\"http:\/\/www.arcseniors.org\/es\/#website\",\"url\":\"http:\/\/www.arcseniors.org\/es\/\",\"name\":\"ARC Older Adult Center\",\"description\":\"ARC XVI Fort Washington, Inc.\",\"potentialAction\":[{\"@type\":\"SearchAction\",\"target\":{\"@type\":\"EntryPoint\",\"urlTemplate\":\"http:\/\/www.arcseniors.org\/es\/?s={search_term_string}\"},\"query-input\":\"required name=search_term_string\"}],\"inLanguage\":\"es-MX\"}]}<\/script>\n<!-- \/ Yoast SEO plugin. -->","yoast_head_json":{"title":"About ARC XVI Fort Washington, Inc.","description":"ARC XVI Fort Washington, Inc. has been providing activities and services for Upper Manhattan's seniors for decades. Join us!","robots":{"index":"index","follow":"follow","max-snippet":"max-snippet:-1","max-image-preview":"max-image-preview:large","max-video-preview":"max-video-preview:-1"},"canonical":"https:\/\/www.arcseniors.org\/es\/about\/","og_locale":"es_MX","og_type":"article","og_title":"About ARC XVI Fort Washington, Inc.","og_description":"ARC XVI Fort Washington, Inc. has been providing activities and services for Upper Manhattan's seniors for decades. Join us!","og_url":"https:\/\/www.arcseniors.org\/es\/about\/","og_site_name":"ARC Older Adult Center","article_modified_time":"2020-10-28T18:52:11+00:00","twitter_card":"summary_large_image","twitter_misc":{"Tiempo de lectura":"2 minutos"},"schema":{"@context":"https:\/\/schema.org","@graph":[{"@type":"WebPage","@id":"https:\/\/www.arcseniors.org\/about\/","url":"https:\/\/www.arcseniors.org\/about\/","name":"About ARC XVI Fort Washington, Inc.","isPartOf":{"@id":"http:\/\/www.arcseniors.org\/es\/#website"},"datePublished":"2020-07-21T19:27:30+00:00","dateModified":"2020-10-28T18:52:11+00:00","description":"ARC XVI Fort Washington, Inc. has been providing activities and services for Upper Manhattan's seniors for decades. Join us!","breadcrumb":{"@id":"https:\/\/www.arcseniors.org\/about\/#breadcrumb"},"inLanguage":"es-MX","potentialAction":[{"@type":"ReadAction","target":["https:\/\/www.arcseniors.org\/about\/"]}]},{"@type":"BreadcrumbList","@id":"https:\/\/www.arcseniors.org\/about\/#breadcrumb","itemListElement":[{"@type":"ListItem","position":1,"name":"Home","item":"http:\/\/www.arcseniors.org\/es\/"},{"@type":"ListItem","position":2,"name":"About"}]},{"@type":"WebSite","@id":"http:\/\/www.arcseniors.org\/es\/#website","url":"http:\/\/www.arcseniors.org\/es\/","name":"ARC Older Adult Center","description":"ARC XVI Fort Washington, Inc.","potentialAction":[{"@type":"SearchAction","target":{"@type":"EntryPoint","urlTemplate":"http:\/\/www.arcseniors.org\/es\/?s={search_term_string}"},"query-input":"required name=search_term_string"}],"inLanguage":"es-MX"}]}},"_links":{"self":[{"href":"https:\/\/www.arcseniors.org\/es\/wp-json\/wp\/v2\/pages\/120"}],"collection":[{"href":"https:\/\/www.arcseniors.org\/es\/wp-json\/wp\/v2\/pages"}],"about":[{"href":"https:\/\/www.arcseniors.org\/es\/wp-json\/wp\/v2\/types\/page"}],"author":[{"embeddable":true,"href":"https:\/\/www.arcseniors.org\/es\/wp-json\/wp\/v2\/users\/1"}],"replies":[{"embeddable":true,"href":"https:\/\/www.arcseniors.org\/es\/wp-json\/wp\/v2\/comments?post=120"}],"version-history":[{"count":22,"href":"https:\/\/www.arcseniors.org\/es\/wp-json\/wp\/v2\/pages\/120\/revisions"}],"predecessor-version":[{"id":816,"href":"https:\/\/www.arcseniors.org\/es\/wp-json\/wp\/v2\/pages\/120\/revisions\/816"}],"wp:attachment":[{"href":"https:\/\/www.arcseniors.org\/es\/wp-json\/wp\/v2\/media?parent=120"}],"curies":[{"name":"wp","href":"https:\/\/api.w.org\/{rel}","templated":true}]}}